{"id":1158,"date":"2020-07-07T15:09:55","date_gmt":"2020-07-07T15:09:55","guid":{"rendered":"http:\/\/westwoodtruckcustoms.com\/?page_id=1158"},"modified":"2020-07-07T15:10:04","modified_gmt":"2020-07-07T15:10:04","slug":"verpackungsverordnung","status":"publish","type":"page","link":"https:\/\/westwoodtruckcustoms.com\/?page_id=1158","title":{"rendered":"Verpackungsverordnung"},"content":{"rendered":"\n<p><strong>Das neue Verpackungsgesetz ersetzt die bis dato bestehende Verpackungsverordnung (VerpackV) und f\u00fchrt dieser gegen\u00fcber zus\u00e4tzliche Pflichten f\u00fcr Inverkehrbringer von Verkaufsverpackungen ein. Dabei gilt \u2013 pauschal formuliert \u2013, dass grunds\u00e4tzlich alle in Verkehr gebrachten Verkaufsverpackungen, die letztlich als Abfall beim privaten Endverbraucher anfallen, lizenziert, d. h. an einem dualen System beteiligt, werden m\u00fcssen.<\/strong><\/p>\n\n\n\n<p><strong>Auch unser Unternehmen ist hier angeschlossen (lizensiert) und&nbsp;&nbsp;registriert und leistet Ihren Beitrag zum Umweltschutz<\/strong><\/p>\n\n\n\n<p><strong>Unsere Registrierungsnummer lautet:<\/strong><\/p>\n\n\n\n<p><strong>DE1854744333058<\/strong><\/p>\n\n\n\n<p><strong>und ist bei der LUCID gelistet unter dem Namen&nbsp;<\/strong><\/p>\n\n\n\n<p><strong>Westwood Truck Customs<\/strong><\/p>\n","protected":false},"excerpt":{"rendered":"<p>Das neue Verpackungsgesetz ersetzt die bis dato bestehende Verpackungsverordnung (VerpackV) und f\u00fchrt dieser gegen\u00fcber zus\u00e4tzliche Pflichten f\u00fcr Inverkehrbringer von Verkaufsverpackungen ein. Dabei gilt \u2013 pauschal formuliert \u2013, dass grunds\u00e4tzlich alle in Verkehr gebrachten Verkaufsverpackungen, die letztlich als Abfall beim privaten Endverbraucher anfallen, lizenziert, d. h. an einem dualen System beteiligt, werden m\u00fcssen. Auch unser Unternehmen&hellip;<\/p>\n","protected":false},"author":1,"featured_media":0,"parent":0,"menu_order":0,"comment_status":"closed","ping_status":"closed","template":"","meta":[],"_links":{"self":[{"href":"https:\/\/westwoodtruckcustoms.com\/index.php?rest_route=\/wp\/v2\/pages\/1158"}],"collection":[{"href":"https:\/\/westwoodtruckcustoms.com\/index.php?rest_route=\/wp\/v2\/pages"}],"about":[{"href":"https:\/\/westwoodtruckcustoms.com\/index.php?rest_route=\/wp\/v2\/types\/page"}],"author":[{"embeddable":true,"href":"https:\/\/westwoodtruckcustoms.com\/index.php?rest_route=\/wp\/v2\/users\/1"}],"replies":[{"embeddable":true,"href":"https:\/\/westwoodtruckcustoms.com\/index.php?rest_route=%2Fwp%2Fv2%2Fcomments&post=1158"}],"version-history":[{"count":1,"href":"https:\/\/westwoodtruckcustoms.com\/index.php?rest_route=\/wp\/v2\/pages\/1158\/revisions"}],"predecessor-version":[{"id":1159,"href":"https:\/\/westwoodtruckcustoms.com\/index.php?rest_route=\/wp\/v2\/pages\/1158\/revisions\/1159"}],"wp:attachment":[{"href":"https:\/\/westwoodtruckcustoms.com\/index.php?rest_route=%2Fwp%2Fv2%2Fmedia&parent=1158"}],"curies":[{"name":"wp","href":"https:\/\/api.w.org\/{rel}","templated":true}]}}