{"id":1156,"date":"2020-07-07T15:08:26","date_gmt":"2020-07-07T15:08:26","guid":{"rendered":"http:\/\/westwoodtruckcustoms.com\/?page_id=1156"},"modified":"2020-07-07T15:08:34","modified_gmt":"2020-07-07T15:08:34","slug":"datenschutzerklaerung","status":"publish","type":"page","link":"https:\/\/westwoodtruckcustoms.com\/?page_id=1156","title":{"rendered":"Datenschutzerkl\u00e4rung"},"content":{"rendered":"\n<p><strong>Der Schutz&nbsp;&nbsp;Ihrer personenbezogenen Daten bei der Erhebung, Verarbeitung und Nutzung&nbsp;&nbsp;anl\u00e4sslich Ihres Besuchs auf unserer Homepage ist uns ein wichtiges Anliegen.&nbsp;&nbsp;Ihre Daten werden im Rahmen der gesetzlichen Vorschriften gesch\u00fctzt.&nbsp;&nbsp;Nachfolgend finden Sie Informationen, welche Daten w\u00e4hrend Ihres Besuchs auf&nbsp;&nbsp;der Homepage erfasst und wie diese genutzt werden:<\/strong><\/p>\n\n\n\n<p><strong>1. Erhebung und Verarbeitung von Daten<br>&nbsp;&nbsp;&nbsp;&nbsp;&nbsp; Weitergehende&nbsp;&nbsp;personenbezogene Daten werden nur erfasst, wenn Sie diese Angaben freiwillig,&nbsp;&nbsp;etwa im Rahmen einer Anfrage \u00fcber unser Kontaktformular machen.<\/strong><\/p>\n\n\n\n<p><strong>2. Nutzung und Weitergabe personenbezogener Daten &nbsp;&nbsp;&nbsp;&nbsp;&nbsp;&nbsp;&nbsp;&nbsp;Soweit Sie&nbsp;&nbsp;uns personenbezogene Daten zur Verf\u00fcgung gestellt haben, verwenden wir diese&nbsp;&nbsp;nur zur Beantwortung Ihrer Anfragen, zur Abwicklung mit Ihnen geschlossener&nbsp;&nbsp;Vertr\u00e4ge und f\u00fcr die technische Administration. &nbsp;&nbsp;&nbsp;&nbsp;&nbsp;&nbsp;&nbsp;&nbsp;Ihre&nbsp;&nbsp;personenbezogenen Daten werden an Dritte nur weitergegeben oder sonst&nbsp;&nbsp;\u00fcbermittelt, wenn dies zum Zwecke der Vertragsabwicklung \u2013 insbesondere Weitergabe&nbsp;&nbsp;von Bestelldaten an Lieferanten \u2013 erforderlich ist, dies zu Abrechnungszwecken&nbsp;&nbsp;erforderlich ist oder Sie zuvor eingewilligt haben. Sie haben das Recht, eine&nbsp;&nbsp;erteilte Einwilligung mit Wirkung f\u00fcr die Zukunft jederzeit zu widerrufen. &nbsp;&nbsp;&nbsp;&nbsp;&nbsp;&nbsp;Die L\u00f6schung&nbsp;&nbsp;der gespeicherten personenbezogenen Daten erfolgt, wenn Sie Ihre Einwilligung&nbsp;&nbsp;zur Speicherung widerrufen, wenn ihre Kenntnis zur Erf\u00fcllung des mit der&nbsp;&nbsp;Speicherung verfolgten Zwecks nicht mehr erforderlich ist oder wenn ihre&nbsp;&nbsp;Speicherung aus sonstigen gesetzlichen Gr\u00fcnden unzul\u00e4ssig ist. &nbsp;&nbsp;&nbsp;&nbsp;&nbsp;&nbsp; 3. Auskunftsrecht &nbsp;&nbsp;&nbsp;&nbsp;&nbsp;&nbsp;&nbsp;&nbsp;Auf&nbsp;&nbsp;schriftliche Anfrage werden wir Sie gern \u00fcber die zu Ihrer Person gespeicherten&nbsp;&nbsp;Daten informieren. &nbsp;&nbsp;&nbsp;&nbsp;&nbsp;&nbsp;<\/strong><\/p>\n\n\n\n<p><strong>Sicherheitshinweis:<br>&nbsp;&nbsp;&nbsp;&nbsp;&nbsp;&nbsp;Wir sind bem\u00fcht, Ihre personenbezogenen Daten durch&nbsp;&nbsp;Ergreifung aller technischen und organisatorischen M\u00f6glichkeiten so zu&nbsp;&nbsp;speichern, dass sie f\u00fcr Dritte nicht zug\u00e4nglich sind. Bei der Kommunikation per&nbsp;&nbsp; E-Mail kann die vollst\u00e4ndige Datensicherheit von uns nicht gew\u00e4hrleistet &nbsp;&nbsp;werden, so dass wir Ihnen bei vertraulichen Informationen den Postweg empfehlen.<\/strong><\/p>\n","protected":false},"excerpt":{"rendered":"<p>Der Schutz&nbsp;&nbsp;Ihrer personenbezogenen Daten bei der Erhebung, Verarbeitung und Nutzung&nbsp;&nbsp;anl\u00e4sslich Ihres Besuchs auf unserer Homepage ist uns ein wichtiges Anliegen.&nbsp;&nbsp;Ihre Daten werden im Rahmen der gesetzlichen Vorschriften gesch\u00fctzt.&nbsp;&nbsp;Nachfolgend finden Sie Informationen, welche Daten w\u00e4hrend Ihres Besuchs auf&nbsp;&nbsp;der Homepage erfasst und wie diese genutzt werden: 1. Erhebung und Verarbeitung von Daten&nbsp;&nbsp;&nbsp;&nbsp;&nbsp; Weitergehende&nbsp;&nbsp;personenbezogene Daten werden nur erfasst,&hellip;<\/p>\n","protected":false},"author":1,"featured_media":0,"parent":0,"menu_order":0,"comment_status":"closed","ping_status":"closed","template":"","meta":[],"_links":{"self":[{"href":"https:\/\/westwoodtruckcustoms.com\/index.php?rest_route=\/wp\/v2\/pages\/1156"}],"collection":[{"href":"https:\/\/westwoodtruckcustoms.com\/index.php?rest_route=\/wp\/v2\/pages"}],"about":[{"href":"https:\/\/westwoodtruckcustoms.com\/index.php?rest_route=\/wp\/v2\/types\/page"}],"author":[{"embeddable":true,"href":"https:\/\/westwoodtruckcustoms.com\/index.php?rest_route=\/wp\/v2\/users\/1"}],"replies":[{"embeddable":true,"href":"https:\/\/westwoodtruckcustoms.com\/index.php?rest_route=%2Fwp%2Fv2%2Fcomments&post=1156"}],"version-history":[{"count":1,"href":"https:\/\/westwoodtruckcustoms.com\/index.php?rest_route=\/wp\/v2\/pages\/1156\/revisions"}],"predecessor-version":[{"id":1157,"href":"https:\/\/westwoodtruckcustoms.com\/index.php?rest_route=\/wp\/v2\/pages\/1156\/revisions\/1157"}],"wp:attachment":[{"href":"https:\/\/westwoodtruckcustoms.com\/index.php?rest_route=%2Fwp%2Fv2%2Fmedia&parent=1156"}],"curies":[{"name":"wp","href":"https:\/\/api.w.org\/{rel}","templated":true}]}}