{"id":1153,"date":"2020-07-07T15:05:34","date_gmt":"2020-07-07T15:05:34","guid":{"rendered":"http:\/\/westwoodtruckcustoms.com\/?page_id=1153"},"modified":"2020-07-07T15:05:38","modified_gmt":"2020-07-07T15:05:38","slug":"markenrecht","status":"publish","type":"page","link":"https:\/\/westwoodtruckcustoms.com\/?page_id=1153","title":{"rendered":"Markenrecht"},"content":{"rendered":"\n<p><strong>Gesch\u00fctzte Namen geh\u00f6ren Ihren Eigent\u00fcmern. S\u00e4mtliche der in diesem Angebot erw\u00e4hnten Namen von Marken, Waren oder Informationsanbietern geh\u00f6ren Ihren Eigent\u00fcmern und werden ohne Gew\u00e4hrleistung der freien Verf\u00fcgbarkeit wiedergegeben. Die Namen sind entweder eingetragene Warenzeichen oder sollten als solche betrachtet werden.<br>Bitte beachten Sie, dass die Rechte aller Logos, Markennamen, Warenzeichen etc. bei den jeweiligen Inhabern liegen. F\u00fcr Sch\u00e4den, die aus dem nicht bestimmungsgem\u00e4\u00dfen Gebrauch fremder Marken entstehen, haften wir nicht, auch wenn wir diese in Folie gefertigt haben. Der Auftraggeber erkl\u00e4rt, dass er im Besitz der f\u00fcr die von ihm in Auftrag gegeben Leistungen erforderlichen Urheber- und\/oder Markenrechte ist oder sich, falls er nicht selbst Urheber und\/oder Markeninhaber ist, vom Urheber und\/oder Markeninhaber eine Genehmigung f\u00fcr die Verwendung der Abbildungen, Markenzeichen und\/oder -Namen eingeholt hat. Es wird vom Auftragnehmer nicht \u00fcberpr\u00fcft, ob der Auftraggeber im Besitz der f\u00fcr die zu erbringenden Leistungen erforderlichen Urheber- und Markenrechte ist. Haftungsanspr\u00fcche gegen\u00fcber Dritter in Bezug auf Urheber- und\/ oder Markenrechtsanspr\u00fcchen sind damit rechtlich ausgeschlossen. Sollten die in Auftrag gegebenen Leistungen gegen Urheber- und\/oder Markenrecht versto\u00dfen hat dies der Auftraggeber selbst zu verantworten !<\/strong><\/p>\n","protected":false},"excerpt":{"rendered":"<p>Gesch\u00fctzte Namen geh\u00f6ren Ihren Eigent\u00fcmern. S\u00e4mtliche der in diesem Angebot erw\u00e4hnten Namen von Marken, Waren oder Informationsanbietern geh\u00f6ren Ihren Eigent\u00fcmern und werden ohne Gew\u00e4hrleistung der freien Verf\u00fcgbarkeit wiedergegeben. Die Namen sind entweder eingetragene Warenzeichen oder sollten als solche betrachtet werden.Bitte beachten Sie, dass die Rechte aller Logos, Markennamen, Warenzeichen etc. bei den jeweiligen Inhabern liegen.&hellip;<\/p>\n","protected":false},"author":1,"featured_media":0,"parent":0,"menu_order":0,"comment_status":"closed","ping_status":"closed","template":"","meta":[],"_links":{"self":[{"href":"https:\/\/westwoodtruckcustoms.com\/index.php?rest_route=\/wp\/v2\/pages\/1153"}],"collection":[{"href":"https:\/\/westwoodtruckcustoms.com\/index.php?rest_route=\/wp\/v2\/pages"}],"about":[{"href":"https:\/\/westwoodtruckcustoms.com\/index.php?rest_route=\/wp\/v2\/types\/page"}],"author":[{"embeddable":true,"href":"https:\/\/westwoodtruckcustoms.com\/index.php?rest_route=\/wp\/v2\/users\/1"}],"replies":[{"embeddable":true,"href":"https:\/\/westwoodtruckcustoms.com\/index.php?rest_route=%2Fwp%2Fv2%2Fcomments&post=1153"}],"version-history":[{"count":1,"href":"https:\/\/westwoodtruckcustoms.com\/index.php?rest_route=\/wp\/v2\/pages\/1153\/revisions"}],"predecessor-version":[{"id":1154,"href":"https:\/\/westwoodtruckcustoms.com\/index.php?rest_route=\/wp\/v2\/pages\/1153\/revisions\/1154"}],"wp:attachment":[{"href":"https:\/\/westwoodtruckcustoms.com\/index.php?rest_route=%2Fwp%2Fv2%2Fmedia&parent=1153"}],"curies":[{"name":"wp","href":"https:\/\/api.w.org\/{rel}","templated":true}]}}